{"id":75,"date":"2025-12-09T18:20:45","date_gmt":"2025-12-09T18:20:45","guid":{"rendered":"https:\/\/canb.cat\/clubnoubarris\/?page_id=75"},"modified":"2025-12-11T17:34:41","modified_gmt":"2025-12-11T16:34:41","slug":"seccions","status":"publish","type":"page","link":"https:\/\/canb.cat\/clubnoubarris\/index.php\/seccions\/","title":{"rendered":"Seccions"},"content":{"rendered":"\n<div style=\"height:16px\" aria-hidden=\"true\" class=\"wp-block-spacer\"><\/div>\n\n\n\n<div class=\"wp-block-columns are-vertically-aligned-top is-layout-flex wp-container-core-columns-is-layout-d7d455e7 wp-block-columns-is-layout-flex\" style=\"padding-top:0;padding-right:0;padding-bottom:0;padding-left:0\">\n<div class=\"wp-block-column is-vertically-aligned-top is-layout-flow wp-block-column-is-layout-flow\" style=\"padding-right:7%;flex-basis:50%\">\n<p class=\"has-text-color\" style=\"color:#0bb4aa\">Hi ha cabuda per tothom!<\/p>\n\n\n\n<h2 class=\"wp-block-heading has-large-font-size\">Atletisme adaptat<\/h2>\n<\/div>\n\n\n\n<div class=\"wp-block-column is-vertically-aligned-top is-layout-flow wp-block-column-is-layout-flow\" style=\"flex-basis:50%\"><\/div>\n<\/div>\n\n\n\n<p><strong>Coordinadors<\/strong><br>Francisco Guerrero i Marta L\u00f3pez<br><strong>Horaris<\/strong><br>Dilluns, dimecres i divendres de 18:00 a 19:15 h<br><strong>Entrenadors<\/strong><br>Marta L\u00f3pez, Claudia Lucena, Jan Moragas, Alba Guerrero, Martina Prat, David Valiente i Paula S\u00e1nchez,<\/p>\n\n\n\n<hr class=\"wp-block-separator has-alpha-channel-opacity is-style-wide\"\/>\n\n\n\n<h2 class=\"wp-block-heading has-large-font-size\">Escola d&#8217;atletisme<\/h2>\n\n\n\n<p><strong>Coordinadora<\/strong><br>Paula Garc\u00eda<br>escola@canb.cat<br><br><strong>Horaris i t\u00e8cnics<\/strong><br><br><em>Sub8 &#8211; Naixement: 2019-2020<\/em><br>Dilluns i dimecres de 18:00 a 19:00 h (Iosune i Carla)<br>Dimarts i dijous de 18:00 a 19:00 h (Iosune i Nerea) <br><br><em>Sub10 &#8211; Naixement: 2017-2018<\/em><br>Dilluns i dimecres de 18:00 a 19:00 h (Joana i Marta)<br>Dimarts i dijous de 18:00 a 19:00 h (Joana i Jimena) <br><br><em>Sub12 &#8211; Naixement: 2015-2016<\/em><br>Dilluns i dimecres de 18:00 a 19:30 h (Guillaume, J\u00falia i Alba)<br>Dimarts i dijous de 18:00 a 19:30 h (Guillaume, J\u00falia i Alba) <br><br><em>Sub14 &#8211; Naixement: 2013-2014<\/em><br>Dilluns i dimecres de 18:00 a 19:30 h (Arnau i Bemnet)<br>Dimarts i dijous de 18:00 a 19:30 h (Arnau i Victoria) <br><br><em>Sub16 &#8211; Naixement: 2011-2012<\/em><br>Dilluns i dimecres de 18:00 a 19:30 h (H\u00e9ctor i Lara)<br>Dimarts i dijous de 18:00 a 19:30 h (H\u00e9ctor i Victor)<\/p>\n\n\n\n<hr class=\"wp-block-separator has-alpha-channel-opacity is-style-wide\"\/>\n\n\n\n<h2 class=\"wp-block-heading has-large-font-size\">Tecnificaci\u00f3 d&#8217;atletes<\/h2>\n\n\n\n<p><strong>Coordinador<\/strong><br>Manuel Rom\u00e1n<br>info@canb.cat<br><br><strong>Categories<\/strong><br>Sub18 &#8211; Naixement: 2009-2010<br>Sub20 &#8211; Naixement: 2007-2008<br>Sub23 &#8211; Naixement: 2004-2005-2006<br>S\u00e8nior &#8211; Naixement: 2003-fins a 35 anys<br>M\u00e0ster &#8211; A partir de 35 anys<br><br><strong>Horaris i t\u00e8cnics<\/strong><br><br><em>Velocitat<\/em><br>Grup 1 &#8211; Dilluns, dimecres i divendres de 18:00 a 19:00 h (Evgeni Rassudikhin)<br>Grup 2 &#8211; Dilluns, dimarts i dijous de 19:30 a 21:00 h, dissabtes de 11:00 a 12:30 h  (Marc Moreno) <br><br><em>Salts<\/em> (David L\u00f3pez)<br>Dilluns: Perxa de 17:30 a 19:30 h<br>Dimarts: Al\u00e7ada de 16:30 a 18:00 h. Llargada i triple de 18:00 a 20:00 h<br>Dimecres: Perxa de 17:30 a 19:30 h<br>Dijous: Al\u00e7ada de 18:00 a 20:00 h<br>Divendres: Llargada i triple de 17:30 a 19:00 h. Perxa de 19:00 a 21:00 h.<br><br><em>Llan\u00e7aments<\/em> (David L\u00f3pez)<br>Dimarts, dijous i divendres de 16:30 a 18:00 h<br><br><em>Mig fons i fons <\/em>(Arnau Sim\u00f3n)<br>Dilluns, dimarts i dijous de 18:30 a 20:00 h<br><\/p>\n\n\n\n<hr class=\"wp-block-separator has-alpha-channel-opacity is-style-wide\"\/>\n\n\n\n<h2 class=\"wp-block-heading has-large-font-size\">Grup de pares, mares i socis<\/h2>\n\n\n\n<p><em>Manteniment<\/em> (Evgeni Rassudikhin)<br>Grup de pares i mares d&#8217;atletes de l&#8217;escola que fan manteniment durant l&#8217;entrenament del nois i noies.<br>Dimarts i dijous de 18:00 a 19:00 h<br><br><em>Fons i mig fons<\/em><br>Socis, pares i mares (federats o no)<br>Dimarts i dijous de 19:15 a 20:30 h<\/p>\n\n\n\n<p><\/p>\n","protected":false},"excerpt":{"rendered":"<p>Hi ha cabuda per tothom! Atletisme adaptat CoordinadorsFrancisco Guerrero i Marta L\u00f3pezHorarisDilluns, dimecres i divendres de 18:00 a 19:15 hEntrenadorsMarta L\u00f3pez, Claudia Lucena, Jan Moragas, Alba Guerrero, Martina Prat, David Valiente i Paula S\u00e1nchez, Escola d&#8217;atletisme CoordinadoraPaula Garc\u00edaescola@canb.cat Horaris i t\u00e8cnics Sub8 &#8211; Naixement: 2019-2020Dilluns i dimecres de 18:00 a 19:00 h (Iosune i Carla)Dimarts &hellip; <\/p>\n<p class=\"link-more\"><a href=\"https:\/\/canb.cat\/clubnoubarris\/index.php\/seccions\/\" class=\"more-link\">Leer m\u00e1s<span class=\"screen-reader-text\"> \u00abSeccions\u00bb<\/span><\/a><\/p>\n","protected":false},"author":1,"featured_media":51,"parent":0,"menu_order":0,"comment_status":"closed","ping_status":"closed","template":"","meta":{"_inspiro_hide_title":false,"footnotes":""},"class_list":["post-75","page","type-page","status-publish","has-post-thumbnail","hentry"],"publishpress_future_action":{"enabled":false,"date":"2026-04-14 22:25:42","action":"change-status","newStatus":"draft","terms":[],"taxonomy":"","extraData":[]},"publishpress_future_workflow_manual_trigger":{"enabledWorkflows":[]},"_links":{"self":[{"href":"https:\/\/canb.cat\/clubnoubarris\/index.php\/wp-json\/wp\/v2\/pages\/75","targetHints":{"allow":["GET"]}}],"collection":[{"href":"https:\/\/canb.cat\/clubnoubarris\/index.php\/wp-json\/wp\/v2\/pages"}],"about":[{"href":"https:\/\/canb.cat\/clubnoubarris\/index.php\/wp-json\/wp\/v2\/types\/page"}],"author":[{"embeddable":true,"href":"https:\/\/canb.cat\/clubnoubarris\/index.php\/wp-json\/wp\/v2\/users\/1"}],"replies":[{"embeddable":true,"href":"https:\/\/canb.cat\/clubnoubarris\/index.php\/wp-json\/wp\/v2\/comments?post=75"}],"version-history":[{"count":5,"href":"https:\/\/canb.cat\/clubnoubarris\/index.php\/wp-json\/wp\/v2\/pages\/75\/revisions"}],"predecessor-version":[{"id":224,"href":"https:\/\/canb.cat\/clubnoubarris\/index.php\/wp-json\/wp\/v2\/pages\/75\/revisions\/224"}],"wp:featuredmedia":[{"embeddable":true,"href":"https:\/\/canb.cat\/clubnoubarris\/index.php\/wp-json\/wp\/v2\/media\/51"}],"wp:attachment":[{"href":"https:\/\/canb.cat\/clubnoubarris\/index.php\/wp-json\/wp\/v2\/media?parent=75"}],"curies":[{"name":"wp","href":"https:\/\/api.w.org\/{rel}","templated":true}]}}