{"id":18,"date":"2025-12-11T11:55:53","date_gmt":"2025-12-11T11:55:53","guid":{"rendered":"https:\/\/canb.cat\/clubnoubarris\/?page_id=18"},"modified":"2025-12-11T18:58:34","modified_gmt":"2025-12-11T17:58:34","slug":"contacte","status":"publish","type":"page","link":"https:\/\/canb.cat\/clubnoubarris\/index.php\/contacte\/","title":{"rendered":"Contacte"},"content":{"rendered":"\n<div style=\"height:16px\" aria-hidden=\"true\" class=\"wp-block-spacer\"><\/div>\n\n\n\n<div class=\"wp-block-group has-global-padding is-layout-constrained wp-block-group-is-layout-constrained\">\n<div class=\"wp-block-columns are-vertically-aligned-top is-layout-flex wp-container-core-columns-is-layout-d7d455e7 wp-block-columns-is-layout-flex\" style=\"padding-top:0;padding-right:0;padding-bottom:0;padding-left:0\">\n<div class=\"wp-block-column is-vertically-aligned-top is-layout-flow wp-block-column-is-layout-flow\" style=\"padding-right:7%;flex-basis:50%\">\n<p class=\"has-text-color\" style=\"color:#0bb4aa\">Preparats, llestos, ja!<\/p>\n\n\n\n<h2 class=\"wp-block-heading has-large-font-size\">Club d&#8217;Atletisme Nou Barris<\/h2>\n\n\n\n<p>Ens trobareu entrenant a les pistes d&#8217;atletisme de Can Drag\u00f3 a Barcelona, tamb\u00e9 podeu contactar amb nosaltres a les nostres oficines o via correu electr\u00f2nic.<br><\/p>\n\n\n\n<h3 class=\"wp-block-heading\"><strong>Oficines<\/strong><\/h3>\n<\/div>\n\n\n\n<div class=\"wp-block-column is-vertically-aligned-top is-layout-flow wp-block-column-is-layout-flow\" style=\"flex-basis:50%\"><\/div>\n<\/div>\n\n\n\n<p>Via Fav\u00e8ncia, 446-450<br>08016 Barcelona<\/p>\n\n\n\n<h3 class=\"wp-block-heading\"><strong>Horari secretaria<\/strong><\/h3>\n\n\n\n<p>De dilluns a dijous de 9:30 a 13:30 a l&#8217;oficina<br>Dimarts i dijous de 18:00 a 20:00 a les pistes de Can Drag\u00f3<br><br>933 544 046<br>info@canb.cat<\/p>\n<\/div>\n\n\n\n<div class=\"wp-block-group is-layout-flow wp-block-group-is-layout-flow\">\n<div class=\"wp-block-group is-layout-flow wp-block-group-is-layout-flow\"><\/div>\n<\/div>\n\n\n\n<div class=\"wp-block-group has-global-padding is-layout-constrained wp-block-group-is-layout-constrained\">\n<div style=\"height:45px\" aria-hidden=\"true\" class=\"wp-block-spacer\"><\/div>\n<\/div>\n\n\n\n<p><\/p>\n","protected":false},"excerpt":{"rendered":"<p>Preparats, llestos, ja! Club d&#8217;Atletisme Nou Barris Ens trobareu entrenant a les pistes d&#8217;atletisme de Can Drag\u00f3 a Barcelona, tamb\u00e9 podeu contactar amb nosaltres a les nostres oficines o via correu electr\u00f2nic. Oficines Via Fav\u00e8ncia, 446-45008016 Barcelona Horari secretaria De dilluns a dijous de 9:30 a 13:30 a l&#8217;oficinaDimarts i dijous de 18:00 a 20:00 &hellip; <\/p>\n<p class=\"link-more\"><a href=\"https:\/\/canb.cat\/clubnoubarris\/index.php\/contacte\/\" class=\"more-link\">Leer m\u00e1s<span class=\"screen-reader-text\"> \u00abContacte\u00bb<\/span><\/a><\/p>\n","protected":false},"author":1,"featured_media":0,"parent":0,"menu_order":0,"comment_status":"closed","ping_status":"closed","template":"","meta":{"_inspiro_hide_title":false,"footnotes":""},"class_list":["post-18","page","type-page","status-publish","hentry"],"publishpress_future_action":{"enabled":false,"date":"2026-04-14 22:26:08","action":"change-status","newStatus":"draft","terms":[],"taxonomy":"","extraData":[]},"publishpress_future_workflow_manual_trigger":{"enabledWorkflows":[]},"_links":{"self":[{"href":"https:\/\/canb.cat\/clubnoubarris\/index.php\/wp-json\/wp\/v2\/pages\/18","targetHints":{"allow":["GET"]}}],"collection":[{"href":"https:\/\/canb.cat\/clubnoubarris\/index.php\/wp-json\/wp\/v2\/pages"}],"about":[{"href":"https:\/\/canb.cat\/clubnoubarris\/index.php\/wp-json\/wp\/v2\/types\/page"}],"author":[{"embeddable":true,"href":"https:\/\/canb.cat\/clubnoubarris\/index.php\/wp-json\/wp\/v2\/users\/1"}],"replies":[{"embeddable":true,"href":"https:\/\/canb.cat\/clubnoubarris\/index.php\/wp-json\/wp\/v2\/comments?post=18"}],"version-history":[{"count":5,"href":"https:\/\/canb.cat\/clubnoubarris\/index.php\/wp-json\/wp\/v2\/pages\/18\/revisions"}],"predecessor-version":[{"id":53,"href":"https:\/\/canb.cat\/clubnoubarris\/index.php\/wp-json\/wp\/v2\/pages\/18\/revisions\/53"}],"wp:attachment":[{"href":"https:\/\/canb.cat\/clubnoubarris\/index.php\/wp-json\/wp\/v2\/media?parent=18"}],"curies":[{"name":"wp","href":"https:\/\/api.w.org\/{rel}","templated":true}]}}