{"id":16,"date":"2025-12-11T11:42:35","date_gmt":"2025-12-11T11:42:35","guid":{"rendered":"https:\/\/canb.cat\/clubnoubarris\/?page_id=16"},"modified":"2026-01-26T16:39:20","modified_gmt":"2026-01-26T15:39:20","slug":"canb-2","status":"publish","type":"page","link":"https:\/\/canb.cat\/clubnoubarris\/","title":{"rendered":"Canb"},"content":{"rendered":"\n<div class=\"wp-block-cover alignfull is-light\" style=\"min-height:100vh;aspect-ratio:unset;\"><video class=\"wp-block-cover__video-background intrinsic-ignore\" autoplay muted loop playsinline src=\"http:\/\/canb.cat\/clubnoubarris\/wp-content\/uploads\/2025\/12\/CanbWeb-1.mp4\" data-object-fit=\"cover\"><\/video><span aria-hidden=\"true\" class=\"wp-block-cover__background has-background-dim-20 has-background-dim\" style=\"background-color:#FFF\"><\/span><div class=\"wp-block-cover__inner-container has-global-padding is-layout-constrained wp-block-cover-is-layout-constrained\">\n<p class=\"has-text-align-center has-white-color has-text-color has-max-60-font-size\" style=\"font-style:normal;font-weight:900;line-height:1.2\"><strong>Club d&#8217;Atletisme Nou Barris<\/strong><\/p>\n\n\n\n<p class=\"has-text-align-center has-white-color has-text-color has-medium-font-size\">Des de 1986, impulsant l&#8217;esport i la conviv\u00e8ncia.<\/p>\n\n\n\n<div style=\"height:55px\" aria-hidden=\"true\" class=\"wp-block-spacer\"><\/div>\n<\/div><\/div>\n\n\n\n<div class=\"wp-block-group has-global-padding is-layout-constrained wp-block-group-is-layout-constrained\">\n<div style=\"height:33px\" aria-hidden=\"true\" class=\"wp-block-spacer\"><\/div>\n\n\n\n<p class=\"has-text-align-left has-secondary-color has-text-color\" style=\"letter-spacing:1px\">AIX\u00cd VA PASSAR&#8230;.<\/p>\n\n\n\n<p class=\"has-text-align-left\">El Club d&#8217;Atletisme Nou Barris, ubicat al Parc esportiu Municipal de Can Drag\u00f3, va neixer l&#8217;any 1986, va comen\u00e7ar i segueix sent una entitat sense \u00e0nim de lucre, lloc d&#8217;acolliment, de car\u00e0cter obert i integrador. Sempre a estat un club modest i on ha prevalgut el benestar i el bon ambient per sobre de resultats esportius (que tamb\u00e9 els hi ha hagut) convertint-se en una associaci\u00f3 d&#8217;utilitat p\u00fablica amb interessos civils i socials.<\/p>\n<\/div>\n\n\n\n<div class=\"wp-block-group has-global-padding is-layout-constrained wp-block-group-is-layout-constrained\">\n<div style=\"height:12px\" aria-hidden=\"true\" class=\"wp-block-spacer\"><\/div>\n\n\n\n<p class=\"has-text-align-left has-secondary-color has-text-color\" style=\"letter-spacing:1px\">EL QUE PASSA ARA&#8230;.<\/p>\n\n\n\n<div class=\"wp-block-query is-layout-flow wp-block-query-is-layout-flow\">\n<h2 class=\"wp-block-heading has-text-align-left\">Not\u00edcies<\/h2>\n\n\n<ul class=\"columns-3 wp-block-post-template is-layout-grid wp-container-core-post-template-is-layout-6aac66c0 wp-block-post-template-is-layout-grid\"><li class=\"wp-block-post post-157 post type-post status-publish format-standard hentry category-uncategorized\">\n<h3 style=\"margin-top:0;margin-bottom:var(--wp--preset--spacing--x-small);\" class=\"has-link-color wp-elements-2e75b4e4fab489cf445e03eda13279d1 wp-block-post-title\"><a href=\"https:\/\/canb.cat\/clubnoubarris\/index.php\/2025\/12\/11\/sopar-del-canb-2-2\/\" target=\"_self\" >Comunicat informatiu<\/a><\/h3>\n\n<div class=\"has-link-color wp-elements-38d361ddb98ce82eda10b68ed58c726f wp-block-post-excerpt has-text-color has-tertiary-color\"><p class=\"wp-block-post-excerpt__excerpt\">Davant de la informaci\u00f3 que ha sortit als mitjans de comunicaci\u00f3 aquesta setmana sobre la vinguda del Club Esportiu Europa a jugar els seus partits de futbol a la pista d\u2019atletisme de Can Drag\u00f3 a partir del 15&hellip;<\/p><p class=\"wp-block-post-excerpt__more-text\"><a class=\"wp-block-post-excerpt__more-link\" href=\"https:\/\/canb.cat\/clubnoubarris\/index.php\/2025\/12\/11\/sopar-del-canb-2-2\/\">Llegir m\u00e9s&#8230;<\/a><\/p><\/div>\n<\/li><\/ul>\n\n<\/div>\n\n\n\n<p class=\"has-text-align-left\"><\/p>\n<\/div>\n\n\n\n<div id=\"services\" class=\"wp-block-group alignfull pattern_multiple_covers has-background has-global-padding is-layout-constrained wp-block-group-is-layout-constrained\">\n<div style=\"height:11px\" aria-hidden=\"true\" class=\"wp-block-spacer\"><\/div>\n\n\n\n<p class=\"has-text-align-left has-secondary-color has-text-color\" style=\"letter-spacing:1px\">EL CANB FA COSES&#8230;.<\/p>\n\n\n\n<h2 class=\"wp-block-heading has-text-align-left\">Activitats<\/h2>\n\n\n\n<p class=\"has-text-align-left\">Escola d&#8217;atletisme de dels 5 anys, tecnificaci\u00f3 d&#8217;atletes per obtenir rendiment superior, un dels millors conjunts d&#8217;atletisme de veterans, hem rebut el t\u00edtol de millor Club d&#8217;atletisme Adaptat d&#8217;Espanya i grups de manteniment i de pares i mares que c\u00f2rren mentre els seus fills entrenen.<br><br>Entrenem a les <a href=\"https:\/\/www.google.com\/maps\/d\/u\/0\/edit?mid=1uICrV0Ppm5o0Cg9YfkviJmcI7Eg&amp;msa=0&amp;ll=41.43796745097636%2C2.1835594305496375&amp;spn=0.004335%2C0.006899&amp;z=18\">Pistes de Can Drag\u00f3<\/a> i participem en Campionats de Catalunya, Campionats d&#8217;Espanya, Circuits de cros, M\u00edtings, Curses en ruta, Controls, Grans Premis, etc&#8230;<\/p>\n\n\n\n<div style=\"height:46px\" aria-hidden=\"true\" class=\"wp-block-spacer\"><\/div>\n\n\n\n<div class=\"wp-block-columns is-layout-flex wp-container-core-columns-is-layout-28f84493 wp-block-columns-is-layout-flex\">\n<div class=\"wp-block-column is-layout-flow wp-block-column-is-layout-flow\" style=\"padding-top:0;padding-right:0;padding-bottom:0;padding-left:0\">\n<div class=\"wp-block-cover has-custom-content-position is-position-bottom-left\" style=\"padding-top:var(--wp--preset--spacing--small);padding-right:var(--wp--preset--spacing--x-small);padding-bottom:var(--wp--preset--spacing--small);padding-left:var(--wp--preset--spacing--x-small)\"><img loading=\"lazy\" decoding=\"async\" width=\"683\" height=\"1024\" class=\"wp-block-cover__image-background wp-image-113 size-large\" alt=\"\" src=\"https:\/\/canb.cat\/clubnoubarris\/wp-content\/uploads\/2025\/12\/Web01-683x1024.jpg\" style=\"object-position:54% 0%\" data-object-fit=\"cover\" data-object-position=\"54% 0%\" srcset=\"https:\/\/canb.cat\/clubnoubarris\/wp-content\/uploads\/2025\/12\/Web01-683x1024.jpg 683w, https:\/\/canb.cat\/clubnoubarris\/wp-content\/uploads\/2025\/12\/Web01-200x300.jpg 200w, https:\/\/canb.cat\/clubnoubarris\/wp-content\/uploads\/2025\/12\/Web01-2000x3000.jpg 2000w, https:\/\/canb.cat\/clubnoubarris\/wp-content\/uploads\/2025\/12\/Web01-scaled.jpg 1707w\" sizes=\"auto, (max-width: 683px) 100vw, 683px\" \/><span aria-hidden=\"true\" class=\"wp-block-cover__background has-primary-background-color has-background-dim-70 has-background-dim\"><\/span><div class=\"wp-block-cover__inner-container is-layout-flow wp-block-cover-is-layout-flow\">\n<h3 class=\"wp-block-heading has-white-color has-text-color has-medium-font-size\" style=\"margin-top:0;margin-right:0;margin-bottom:0;margin-left:0\">Fes-te<br>atleta<\/h3>\n\n\n\n<p class=\"has-secondary-color has-text-color has-link-color wp-elements-b029d208aa25aacea3b31b872524e7b9\" style=\"margin-top:0;margin-right:0;margin-bottom:0;margin-left:0\"><a href=\"https:\/\/canb.cat\/clubnoubarris\/index.php\/atleta\/\" data-type=\"page\" data-id=\"204\" target=\"_blank\" rel=\"noreferrer noopener\">Informaci\u00f3 \u2192<\/a><\/p>\n<\/div><\/div>\n<\/div>\n\n\n\n<div class=\"wp-block-column is-layout-flow wp-block-column-is-layout-flow\" style=\"padding-top:0;padding-right:0;padding-bottom:0;padding-left:0\">\n<div class=\"wp-block-cover has-custom-content-position is-position-bottom-left\" style=\"padding-top:var(--wp--preset--spacing--small);padding-right:var(--wp--preset--spacing--x-small);padding-bottom:var(--wp--preset--spacing--small);padding-left:var(--wp--preset--spacing--x-small)\"><img loading=\"lazy\" decoding=\"async\" width=\"1024\" height=\"683\" class=\"wp-block-cover__image-background wp-image-114 size-large\" alt=\"\" src=\"https:\/\/canb.cat\/clubnoubarris\/wp-content\/uploads\/2025\/12\/Web2-1024x683.jpg\" style=\"object-position:47% 54%\" data-object-fit=\"cover\" data-object-position=\"47% 54%\" srcset=\"https:\/\/canb.cat\/clubnoubarris\/wp-content\/uploads\/2025\/12\/Web2-1024x683.jpg 1024w, https:\/\/canb.cat\/clubnoubarris\/wp-content\/uploads\/2025\/12\/Web2-300x200.jpg 300w, https:\/\/canb.cat\/clubnoubarris\/wp-content\/uploads\/2025\/12\/Web2-2000x1333.jpg 2000w\" sizes=\"auto, (max-width: 1024px) 100vw, 1024px\" \/><span aria-hidden=\"true\" class=\"wp-block-cover__background has-primary-background-color has-background-dim-70 has-background-dim\"><\/span><div class=\"wp-block-cover__inner-container is-layout-flow wp-block-cover-is-layout-flow\">\n<h3 class=\"wp-block-heading has-white-color has-text-color has-medium-font-size\" style=\"margin-top:0;margin-right:0;margin-bottom:0;margin-left:0\">Seccions i <br>categories<\/h3>\n\n\n\n<p class=\"has-secondary-color has-text-color has-link-color wp-elements-efab46d6ec2a9badeb8cbb0146f2383f\" style=\"margin-top:0;margin-right:0;margin-bottom:0;margin-left:0\"><a href=\"https:\/\/canb.cat\/clubnoubarris\/index.php\/seccions\/\" data-type=\"page\" data-id=\"75\" target=\"_blank\" rel=\"noreferrer noopener\">Horaris i t\u00e8cnics \u2192<\/a><\/p>\n<\/div><\/div>\n<\/div>\n\n\n\n<div class=\"wp-block-column is-layout-flow wp-block-column-is-layout-flow\" style=\"padding-top:0;padding-right:0;padding-bottom:0;padding-left:0\">\n<div class=\"wp-block-cover has-custom-content-position is-position-bottom-left\" style=\"padding-top:var(--wp--preset--spacing--small);padding-right:var(--wp--preset--spacing--x-small);padding-bottom:var(--wp--preset--spacing--small);padding-left:var(--wp--preset--spacing--x-small)\"><img loading=\"lazy\" decoding=\"async\" width=\"983\" height=\"1024\" class=\"wp-block-cover__image-background wp-image-116 size-large\" alt=\"\" src=\"https:\/\/canb.cat\/clubnoubarris\/wp-content\/uploads\/2025\/12\/Web4-983x1024.jpg\" style=\"object-position:51% 31%\" data-object-fit=\"cover\" data-object-position=\"51% 31%\" srcset=\"https:\/\/canb.cat\/clubnoubarris\/wp-content\/uploads\/2025\/12\/Web4-983x1024.jpg 983w, https:\/\/canb.cat\/clubnoubarris\/wp-content\/uploads\/2025\/12\/Web4-288x300.jpg 288w, https:\/\/canb.cat\/clubnoubarris\/wp-content\/uploads\/2025\/12\/Web4-2000x2083.jpg 2000w\" sizes=\"auto, (max-width: 983px) 100vw, 983px\" \/><span aria-hidden=\"true\" class=\"wp-block-cover__background has-primary-background-color has-background-dim-70 has-background-dim\"><\/span><div class=\"wp-block-cover__inner-container is-layout-flow wp-block-cover-is-layout-flow\">\n<h3 class=\"wp-block-heading has-white-color has-text-color has-medium-font-size\" style=\"margin-top:0;margin-right:0;margin-bottom:0;margin-left:0\">\u00c0lbum<br>fotogr\u00e0fic<\/h3>\n\n\n\n<p class=\"has-secondary-color has-text-color has-link-color wp-elements-2a1b2dc89ace726e1ba64690defdef1c\" style=\"margin-top:0;margin-right:0;margin-bottom:0;margin-left:0\"><a href=\"https:\/\/flickr.com\/photos\/140651128@N02\/albums\" target=\"_blank\" rel=\"noreferrer noopener\">Les nostres aventures \u2192<\/a><\/p>\n<\/div><\/div>\n<\/div>\n<\/div>\n\n\n\n<div style=\"height:31px\" aria-hidden=\"true\" class=\"wp-block-spacer\"><\/div>\n<\/div>\n\n\n\n<div id=\"partners\" class=\"wp-block-group has-global-padding is-content-justification-center is-layout-constrained wp-container-core-group-is-layout-dc06fb1d wp-block-group-is-layout-constrained\">\n<div class=\"wp-block-columns is-layout-flex wp-container-core-columns-is-layout-28f84493 wp-block-columns-is-layout-flex\">\n<div class=\"wp-block-column is-layout-flow wp-block-column-is-layout-flow\" style=\"flex-basis:60%\">\n<p class=\"has-secondary-color has-text-color\">LES COSES PR\u00c0CTIQUES<\/p>\n\n\n\n<h2 class=\"wp-block-heading has-text-align-left\">Papers i formularis<\/h2>\n\n\n\n<div style=\"height:0px\" aria-hidden=\"true\" class=\"wp-block-spacer\"><\/div>\n\n\n\n<p class=\"has-text-align-left has-tertiary-color has-text-color\">Tenim una secretaria fant\u00e0stica, per\u00f2 la paperassa s&#8217;ha de fer&#8230;<\/p>\n<\/div>\n<\/div>\n\n\n\n<div class=\"wp-block-columns is-layout-flex wp-container-core-columns-is-layout-28f84493 wp-block-columns-is-layout-flex\">\n<div class=\"wp-block-column is-layout-flow wp-block-column-is-layout-flow\" style=\"padding-top:0;padding-right:0;padding-bottom:0;padding-left:0\">\n<div class=\"wp-block-cover has-custom-content-position is-position-bottom-left\" style=\"padding-top:var(--wp--preset--spacing--small);padding-right:var(--wp--preset--spacing--x-small);padding-bottom:var(--wp--preset--spacing--small);padding-left:var(--wp--preset--spacing--x-small);min-height:200px;aspect-ratio:unset;\"><img loading=\"lazy\" decoding=\"async\" width=\"831\" height=\"572\" class=\"wp-block-cover__image-background wp-image-130 size-full\" alt=\"\" src=\"http:\/\/canb.cat\/clubnoubarris\/wp-content\/uploads\/2025\/12\/Quotes2026.jpg\" style=\"object-position:61% 0%\" data-object-fit=\"cover\" data-object-position=\"61% 0%\" srcset=\"https:\/\/canb.cat\/clubnoubarris\/wp-content\/uploads\/2025\/12\/Quotes2026.jpg 831w, https:\/\/canb.cat\/clubnoubarris\/wp-content\/uploads\/2025\/12\/Quotes2026-300x206.jpg 300w\" sizes=\"auto, (max-width: 831px) 100vw, 831px\" \/><span aria-hidden=\"true\" class=\"wp-block-cover__background has-primary-background-color has-background-dim-70 has-background-dim\"><\/span><div class=\"wp-block-cover__inner-container is-layout-flow wp-block-cover-is-layout-flow\">\n<h3 class=\"wp-block-heading has-white-color has-text-color has-medium-font-size\" style=\"margin-top:0;margin-right:0;margin-bottom:0;margin-left:0\">Quotes i<br>descomptes<\/h3>\n\n\n\n<p class=\"has-secondary-color has-text-color has-link-color wp-elements-b818dbb55efda6295a21d27d03966beb\" style=\"margin-top:0;margin-right:0;margin-bottom:0;margin-left:0\"><a href=\"http:\/\/canb.cat\/clubnoubarris\/wp-content\/uploads\/2025\/12\/Quotes2026.pdf\" target=\"_blank\" rel=\"noreferrer noopener\">Obrir fitxer \u2192<\/a><\/p>\n<\/div><\/div>\n<\/div>\n\n\n\n<div class=\"wp-block-column is-layout-flow wp-block-column-is-layout-flow\" style=\"padding-top:0;padding-right:0;padding-bottom:0;padding-left:0\">\n<div class=\"wp-block-cover has-custom-content-position is-position-bottom-left\" style=\"padding-top:var(--wp--preset--spacing--small);padding-right:var(--wp--preset--spacing--x-small);padding-bottom:var(--wp--preset--spacing--small);padding-left:var(--wp--preset--spacing--x-small);min-height:200px;aspect-ratio:unset;\"><img loading=\"lazy\" decoding=\"async\" width=\"994\" height=\"749\" class=\"wp-block-cover__image-background wp-image-131 size-full\" alt=\"\" src=\"http:\/\/canb.cat\/clubnoubarris\/wp-content\/uploads\/2025\/12\/Inscrip.jpg\" style=\"object-position:57% 0%\" data-object-fit=\"cover\" data-object-position=\"57% 0%\" srcset=\"https:\/\/canb.cat\/clubnoubarris\/wp-content\/uploads\/2025\/12\/Inscrip.jpg 994w, https:\/\/canb.cat\/clubnoubarris\/wp-content\/uploads\/2025\/12\/Inscrip-300x226.jpg 300w\" sizes=\"auto, (max-width: 994px) 100vw, 994px\" \/><span aria-hidden=\"true\" class=\"wp-block-cover__background has-primary-background-color has-background-dim-70 has-background-dim\"><\/span><div class=\"wp-block-cover__inner-container is-layout-flow wp-block-cover-is-layout-flow\">\n<h3 class=\"wp-block-heading has-white-color has-text-color has-medium-font-size\" style=\"margin-top:0;margin-right:0;margin-bottom:0;margin-left:0\">Inscripci\u00f3 <br>d&#8217;atletes<\/h3>\n\n\n\n<p class=\"has-secondary-color has-text-color has-link-color wp-elements-f62ce25dddc02a6c24c7e5c92620987f\" style=\"margin-top:0;margin-right:0;margin-bottom:0;margin-left:0\"><a href=\"https:\/\/app.canb.cat\/formulari\/atleta\" target=\"_blank\" rel=\"noreferrer noopener\">Formulari d&#8217;alta \u2192<\/a><\/p>\n<\/div><\/div>\n<\/div>\n\n\n\n<div class=\"wp-block-column is-layout-flow wp-block-column-is-layout-flow\" style=\"padding-top:0;padding-right:0;padding-bottom:0;padding-left:0\">\n<div class=\"wp-block-cover has-custom-content-position is-position-bottom-left\" style=\"padding-top:var(--wp--preset--spacing--small);padding-right:var(--wp--preset--spacing--x-small);padding-bottom:var(--wp--preset--spacing--small);padding-left:var(--wp--preset--spacing--x-small);min-height:200px;aspect-ratio:unset;\"><img loading=\"lazy\" decoding=\"async\" width=\"842\" height=\"732\" class=\"wp-block-cover__image-background wp-image-132 size-full\" alt=\"\" src=\"http:\/\/canb.cat\/clubnoubarris\/wp-content\/uploads\/2025\/12\/EMarxa.jpg\" style=\"object-position:87% 1%\" data-object-fit=\"cover\" data-object-position=\"87% 1%\" srcset=\"https:\/\/canb.cat\/clubnoubarris\/wp-content\/uploads\/2025\/12\/EMarxa.jpg 842w, https:\/\/canb.cat\/clubnoubarris\/wp-content\/uploads\/2025\/12\/EMarxa-300x261.jpg 300w\" sizes=\"auto, (max-width: 842px) 100vw, 842px\" \/><span aria-hidden=\"true\" class=\"wp-block-cover__background has-primary-background-color has-background-dim-70 has-background-dim\"><\/span><div class=\"wp-block-cover__inner-container is-layout-flow wp-block-cover-is-layout-flow\">\n<h3 class=\"wp-block-heading has-white-color has-text-color has-medium-font-size\" style=\"margin-top:0;margin-right:0;margin-bottom:0;margin-left:0\">Esport <br>en marxa<\/h3>\n\n\n\n<p class=\"has-secondary-color has-text-color has-link-color wp-elements-bd8482a1c90a5ec36f0f7f9a61474a2f\" style=\"margin-top:0;margin-right:0;margin-bottom:0;margin-left:0\"><a href=\"http:\/\/canb.cat\/clubnoubarris\/wp-content\/uploads\/2025\/12\/Esport_marxa_2026.pdf\" target=\"_blank\" rel=\"noreferrer noopener\">Full d&#8217;inscripci\u00f3 \u2192<\/a><\/p>\n<\/div><\/div>\n<\/div>\n<\/div>\n\n\n\n<div style=\"height:0px\" aria-hidden=\"true\" class=\"wp-block-spacer\"><\/div>\n<\/div>\n\n\n\n<div id=\"news\" class=\"wp-block-group has-global-padding is-layout-constrained wp-block-group-is-layout-constrained\">\n<div class=\"wp-block-group has-global-padding is-layout-constrained wp-block-group-is-layout-constrained\">\n<div style=\"height:33px\" aria-hidden=\"true\" class=\"wp-block-spacer\"><\/div>\n\n\n\n<hr class=\"wp-block-separator has-alpha-channel-opacity is-style-wide\"\/>\n\n\n\n<div class=\"wp-block-columns are-vertically-aligned-center is-layout-flex wp-container-core-columns-is-layout-c375d253 wp-block-columns-is-layout-flex\">\n<div class=\"wp-block-column is-vertically-aligned-center is-layout-flow wp-block-column-is-layout-flow\">\n<figure class=\"wp-block-image size-large\"><img loading=\"lazy\" decoding=\"async\" width=\"1024\" height=\"712\" src=\"https:\/\/canb.cat\/clubnoubarris\/wp-content\/uploads\/2025\/12\/Homologada2526-1024x712.jpg\" alt=\"\" class=\"wp-image-233\" srcset=\"https:\/\/canb.cat\/clubnoubarris\/wp-content\/uploads\/2025\/12\/Homologada2526-1024x712.jpg 1024w, https:\/\/canb.cat\/clubnoubarris\/wp-content\/uploads\/2025\/12\/Homologada2526-300x209.jpg 300w, https:\/\/canb.cat\/clubnoubarris\/wp-content\/uploads\/2025\/12\/Homologada2526.jpg 1151w\" sizes=\"auto, (max-width: 1024px) 100vw, 1024px\" \/><\/figure>\n<\/div>\n\n\n\n<div class=\"wp-block-column is-vertically-aligned-center is-layout-flow wp-block-column-is-layout-flow\">\n<h2 class=\"wp-block-heading has-medium-font-size\" style=\"text-transform:uppercase\">ENTITAT HOMOLOGADA<\/h2>\n\n\n\n<p>D&#8217;acord amb el que preveuen les Bases per a l&#8217;homologaci\u00f3 per al reconeixement qualitatiu de les entitats organitzadores d&#8217;activitats esportives adre\u00e7ades a infants i joves, foro d&#8217;horari lectiu i per a la participaci\u00f3 en la gesti\u00f3 de les subvencions destinades a la pr\u00e0ctica de l&#8217;esport.<\/p>\n\n\n\n<div class=\"wp-block-buttons is-layout-flex wp-block-buttons-is-layout-flex\"><\/div>\n<\/div>\n<\/div>\n\n\n\n<hr class=\"wp-block-separator has-alpha-channel-opacity is-style-wide\"\/>\n\n\n\n<div class=\"wp-block-columns are-vertically-aligned-center is-layout-flex wp-container-core-columns-is-layout-c375d253 wp-block-columns-is-layout-flex\">\n<div class=\"wp-block-column is-vertically-aligned-center is-layout-flow wp-block-column-is-layout-flow\">\n<figure class=\"wp-block-image size-large\"><img loading=\"lazy\" decoding=\"async\" width=\"1024\" height=\"683\" src=\"https:\/\/canb.cat\/clubnoubarris\/wp-content\/uploads\/2025\/12\/Sortida25-1024x683.jpg\" alt=\"\" class=\"wp-image-121\" srcset=\"https:\/\/canb.cat\/clubnoubarris\/wp-content\/uploads\/2025\/12\/Sortida25-1024x683.jpg 1024w, https:\/\/canb.cat\/clubnoubarris\/wp-content\/uploads\/2025\/12\/Sortida25-300x200.jpg 300w, https:\/\/canb.cat\/clubnoubarris\/wp-content\/uploads\/2025\/12\/Sortida25-2000x1333.jpg 2000w\" sizes=\"auto, (max-width: 1024px) 100vw, 1024px\" \/><\/figure>\n<\/div>\n\n\n\n<div class=\"wp-block-column is-vertically-aligned-center is-layout-flow wp-block-column-is-layout-flow\">\n<h2 class=\"wp-block-heading has-medium-font-size\" style=\"text-transform:uppercase\">CURSA NOU BARRIS<\/h2>\n\n\n\n<p>Any rere any organitzem durant la Festa Major del districte la Cursa de Nou Barris, les curses kids i les adaptades. Si encara no has participat, ja trigues. Recordeu que no totes les curses s\u00f3n planes. <\/p>\n\n\n\n<div class=\"wp-block-buttons is-layout-flex wp-block-buttons-is-layout-flex\">\n<div class=\"wp-block-button is-style-outline is-style-outline--1\"><a class=\"wp-block-button__link wp-element-button\" href=\"https:\/\/cursanoubarris.cat\/\" style=\"border-radius:0px\" target=\"_blank\" rel=\"noreferrer noopener\">WEB DE LA CURSA<\/a><\/div>\n<\/div>\n<\/div>\n<\/div>\n\n\n\n<hr class=\"wp-block-separator has-alpha-channel-opacity is-style-wide\"\/>\n\n\n\n<div class=\"wp-block-columns are-vertically-aligned-center is-layout-flex wp-container-core-columns-is-layout-c375d253 wp-block-columns-is-layout-flex\">\n<div class=\"wp-block-column is-vertically-aligned-center is-layout-flow wp-block-column-is-layout-flow\">\n<figure class=\"wp-block-image size-full\"><img loading=\"lazy\" decoding=\"async\" width=\"935\" height=\"800\" src=\"https:\/\/canb.cat\/clubnoubarris\/wp-content\/uploads\/2025\/12\/Feec.jpg\" alt=\"\" class=\"wp-image-200\" srcset=\"https:\/\/canb.cat\/clubnoubarris\/wp-content\/uploads\/2025\/12\/Feec.jpg 935w, https:\/\/canb.cat\/clubnoubarris\/wp-content\/uploads\/2025\/12\/Feec-300x257.jpg 300w\" sizes=\"auto, (max-width: 935px) 100vw, 935px\" \/><\/figure>\n<\/div>\n\n\n\n<div class=\"wp-block-column is-vertically-aligned-center is-layout-flow wp-block-column-is-layout-flow\">\n<h2 class=\"wp-block-heading has-medium-font-size\" style=\"text-transform:uppercase\">EXCURSIONISme amb el canb<\/h2>\n\n\n\n<p>Si ets soci o atleta del Canb pots tramitar sense cost addicional la llic\u00e8ncia de  la FEEC. Si sou pares o fill d&#8217;atleta del Canb podeu tramitar la llic\u00e8ncia amb el Club amb un cost bonificat.<\/p>\n\n\n\n<p>Si no sou socis, tamb\u00e9 podeu fer el tr\u00e0mit com a soci virtual on al preu de la llic\u00e8ncia escollida heu de sumar una quota addicional pels tr\u00e0mits.<br><br>Les taxes d&#8217;administraci\u00f3 les podeu consultar al <a href=\"http:\/\/canb.cat\/clubnoubarris\/wp-content\/uploads\/2025\/12\/Quotes2026.pdf\" target=\"_blank\" rel=\"noreferrer noopener\">full de quotes<\/a>.<br><br>Per demanar el tr\u00e0mit consulteu la <a href=\"https:\/\/canb.cat\/clubnoubarris\/index.php\/atleta\/\">secci\u00f3 fes-te soci o atleta.<\/a><\/p>\n\n\n\n<div class=\"wp-block-buttons is-layout-flex wp-block-buttons-is-layout-flex\">\n<div class=\"wp-block-button is-style-outline is-style-outline--2\"><a class=\"wp-block-button__link wp-element-button\" href=\"https:\/\/www.feec.cat\/\" style=\"border-radius:0px\" target=\"_blank\" rel=\"noreferrer noopener\">WEB DE LA FEEC<\/a><\/div>\n<\/div>\n<\/div>\n<\/div>\n<\/div>\n\n\n\n<hr class=\"wp-block-separator has-alpha-channel-opacity is-style-wide\"\/>\n\n\n\n<div style=\"height:41px\" aria-hidden=\"true\" class=\"wp-block-spacer\"><\/div>\n\n\n\n<div style=\"height:33px\" aria-hidden=\"true\" class=\"wp-block-spacer\"><\/div>\n<\/div>\n\n\n\n<p><\/p>\n","protected":false},"excerpt":{"rendered":"<p>AIX\u00cd VA PASSAR&#8230;. El Club d&#8217;Atletisme Nou Barris, ubicat al Parc esportiu Municipal de Can Drag\u00f3, va neixer l&#8217;any 1986, va comen\u00e7ar i segueix sent una entitat sense \u00e0nim de lucre, lloc d&#8217;acolliment, de car\u00e0cter obert i integrador. Sempre a estat un club modest i on ha prevalgut el benestar i el bon ambient per &hellip; <\/p>\n<p class=\"link-more\"><a href=\"https:\/\/canb.cat\/clubnoubarris\/\" class=\"more-link\">Leer m\u00e1s<span class=\"screen-reader-text\"> \u00abCanb\u00bb<\/span><\/a><\/p>\n","protected":false},"author":1,"featured_media":0,"parent":0,"menu_order":0,"comment_status":"closed","ping_status":"closed","template":"page-templates\/homepage-builder-bb.php","meta":{"_inspiro_hide_title":false,"footnotes":""},"class_list":["post-16","page","type-page","status-publish","hentry"],"publishpress_future_action":{"enabled":false,"date":"2026-04-09 07:23:32","action":"change-status","newStatus":"draft","terms":[],"taxonomy":"","extraData":[]},"publishpress_future_workflow_manual_trigger":{"enabledWorkflows":[]},"_links":{"self":[{"href":"https:\/\/canb.cat\/clubnoubarris\/index.php\/wp-json\/wp\/v2\/pages\/16","targetHints":{"allow":["GET"]}}],"collection":[{"href":"https:\/\/canb.cat\/clubnoubarris\/index.php\/wp-json\/wp\/v2\/pages"}],"about":[{"href":"https:\/\/canb.cat\/clubnoubarris\/index.php\/wp-json\/wp\/v2\/types\/page"}],"author":[{"embeddable":true,"href":"https:\/\/canb.cat\/clubnoubarris\/index.php\/wp-json\/wp\/v2\/users\/1"}],"replies":[{"embeddable":true,"href":"https:\/\/canb.cat\/clubnoubarris\/index.php\/wp-json\/wp\/v2\/comments?post=16"}],"version-history":[{"count":47,"href":"https:\/\/canb.cat\/clubnoubarris\/index.php\/wp-json\/wp\/v2\/pages\/16\/revisions"}],"predecessor-version":[{"id":259,"href":"https:\/\/canb.cat\/clubnoubarris\/index.php\/wp-json\/wp\/v2\/pages\/16\/revisions\/259"}],"wp:attachment":[{"href":"https:\/\/canb.cat\/clubnoubarris\/index.php\/wp-json\/wp\/v2\/media?parent=16"}],"curies":[{"name":"wp","href":"https:\/\/api.w.org\/{rel}","templated":true}]}}